{"id":62,"date":"2024-07-18T10:39:14","date_gmt":"2024-07-18T08:39:14","guid":{"rendered":"https:\/\/abbayedenesle.fr\/?page_id=62"},"modified":"2024-07-18T10:50:35","modified_gmt":"2024-07-18T08:50:35","slug":"historique-de-labbaye","status":"publish","type":"page","link":"https:\/\/abbayedenesle.fr\/?page_id=62","title":{"rendered":"Historique de l&rsquo;Abbaye"},"content":{"rendered":"\n<p><strong>UN BREF R\u00c9SUM\u00c9 :<\/strong><\/p>\n\n\n\n<p>Pour situer l&rsquo;objet de notre int\u00e9r\u00eat, commen\u00e7ons par un tr\u00e8s bref aper\u00e7u de  l&rsquo;histoire de l&rsquo;abbaye, qui sera trait\u00e9e plus en d\u00e9tail par la suite.  <\/p>\n\n\n\n<p>Au haut Moyen-\u00c2ge, des moines auraient \u00e9t\u00e9 les premiers \u00e0 s\u2019implanter au creux du vallon de la Noxe, d\u00e9frichant la for\u00eat pour \u00e9difier leur abbaye et rendre les terres arables. Une tradition rapporte que le roi Clovis et son \u00e9pouse Clotilde auraient fond\u00e9 l\u2019\u00e9tablissement au 5\u00e8me si\u00e8cle de notre \u00e8re, mais l&rsquo;arriv\u00e9e de moines en ces lieux est probablement plus tardive, \u00e0 l\u2019\u00e9poque carolingienne. En 841, l\u2019abbaye se trouve ainsi sous la protection de Lothaire, petit-fils de Charlemagne. <\/p>\n\n\n<div class=\"wp-block-image\">\n<figure class=\"aligncenter size-large is-resized\"><a href=\"https:\/\/abbayedenesle.fr\/wp-content\/uploads\/2024\/07\/montage-3-gravures.jpg\"><img loading=\"lazy\" decoding=\"async\" width=\"1024\" height=\"508\" src=\"https:\/\/abbayedenesle.fr\/wp-content\/uploads\/2024\/07\/montage-3-gravures-1024x508.jpg\" alt=\"\" class=\"wp-image-66\" style=\"width:703px;height:auto\" srcset=\"https:\/\/abbayedenesle.fr\/wp-content\/uploads\/2024\/07\/montage-3-gravures-1024x508.jpg 1024w, https:\/\/abbayedenesle.fr\/wp-content\/uploads\/2024\/07\/montage-3-gravures-300x149.jpg 300w, https:\/\/abbayedenesle.fr\/wp-content\/uploads\/2024\/07\/montage-3-gravures-768x381.jpg 768w, https:\/\/abbayedenesle.fr\/wp-content\/uploads\/2024\/07\/montage-3-gravures-1536x763.jpg 1536w, https:\/\/abbayedenesle.fr\/wp-content\/uploads\/2024\/07\/montage-3-gravures-2048x1017.jpg 2048w\" sizes=\"(max-width: 1024px) 100vw, 1024px\" \/><\/a><\/figure><\/div>\n\n\n<p>On sait peu de choses sur les premiers si\u00e8cles de cette congr\u00e9gation, car les grands d\u00e9sordres qui ont marqu\u00e9 son histoire ont aussi contribu\u00e9 \u00e0 faire disparaitre une bonne partie des archives. Ce n&rsquo;est qu&rsquo;\u00e0 partir du 11e si\u00e8cle que les documents se font plus nombreux et plus fiables, et c&rsquo;est aussi le d\u00e9but de l&rsquo;apog\u00e9e de l&rsquo;abbaye qui va se d\u00e9velopper jusqu&rsquo;au 13e si\u00e8cle, prot\u00e9g\u00e9e et dot\u00e9e par la puissante famille des Broyes.  <\/p>\n\n\n\n<p>Mais la succession des guerres et des invasions va casser cette dynamique, et l&rsquo;abbaye perdre progressivement de son influence, jusqu&rsquo;\u00e0 son incendie par les Huguenots en 1567 et son abandon par les derniers moines qui se replient \u00e0 Villenauxe-la-Grande en 1674. Enfin, la vente de ses biens apr\u00e8s la R\u00e9volution de 1789 ach\u00e8vera de faire tomber le site dans l&rsquo;oubli.<\/p>\n\n\n\n<p><strong>POUR ALLER PLUS LOIN :<\/strong><\/p>\n\n\n\n<div data-wp-interactive=\"\" class=\"wp-block-file\"><object data-wp-bind--hidden=\"!selectors.core.file.hasPdfPreview\" hidden class=\"wp-block-file__embed\" data=\"https:\/\/abbayedenesle.fr\/wp-content\/uploads\/2024\/07\/Historique-abbaye-de-Nesle.pdf\" type=\"application\/pdf\" style=\"width:100%;height:600px\" aria-label=\"Contenu embarqu\u00e9 Historique-abbaye-de-Nesle.\"><\/object><a id=\"wp-block-file--media-f7583480-72d7-42fb-be0b-01515b327f74\" href=\"https:\/\/abbayedenesle.fr\/wp-content\/uploads\/2024\/07\/Historique-abbaye-de-Nesle.pdf\">Historique-abbaye-de-Nesle<\/a><a href=\"https:\/\/abbayedenesle.fr\/wp-content\/uploads\/2024\/07\/Historique-abbaye-de-Nesle.pdf\" class=\"wp-block-file__button wp-element-button\" download aria-describedby=\"wp-block-file--media-f7583480-72d7-42fb-be0b-01515b327f74\">T\u00e9l\u00e9charger<\/a><\/div>\n","protected":false},"excerpt":{"rendered":"<p>UN BREF R\u00c9SUM\u00c9 : Pour situer l&rsquo;objet de notre int\u00e9r\u00eat, commen\u00e7ons par un tr\u00e8s bref aper\u00e7u de l&rsquo;histoire de l&rsquo;abbaye, qui sera trait\u00e9e plus en d\u00e9tail par la suite. Au haut Moyen-\u00c2ge, des moines auraient \u00e9t\u00e9 les premiers \u00e0 s\u2019implanter au creux du vallon de la Noxe, d\u00e9frichant la for\u00eat pour \u00e9difier leur abbaye et&hellip;&nbsp;<a href=\"https:\/\/abbayedenesle.fr\/?page_id=62\" rel=\"bookmark\">Lire la suite &raquo;<span class=\"screen-reader-text\">Historique de l&rsquo;Abbaye<\/span><\/a><\/p>\n","protected":false},"author":1,"featured_media":0,"parent":0,"menu_order":0,"comment_status":"closed","ping_status":"closed","template":"","meta":{"_monsterinsights_skip_tracking":false,"_monsterinsights_sitenote_active":false,"_monsterinsights_sitenote_note":"","_monsterinsights_sitenote_category":0,"neve_meta_sidebar":"","neve_meta_container":"","neve_meta_enable_content_width":"","neve_meta_content_width":0,"neve_meta_title_alignment":"","neve_meta_author_avatar":"","neve_post_elements_order":"","neve_meta_disable_header":"","neve_meta_disable_footer":"","neve_meta_disable_title":"","footnotes":""},"folder":[],"_links":{"self":[{"href":"https:\/\/abbayedenesle.fr\/index.php?rest_route=\/wp\/v2\/pages\/62"}],"collection":[{"href":"https:\/\/abbayedenesle.fr\/index.php?rest_route=\/wp\/v2\/pages"}],"about":[{"href":"https:\/\/abbayedenesle.fr\/index.php?rest_route=\/wp\/v2\/types\/page"}],"author":[{"embeddable":true,"href":"https:\/\/abbayedenesle.fr\/index.php?rest_route=\/wp\/v2\/users\/1"}],"replies":[{"embeddable":true,"href":"https:\/\/abbayedenesle.fr\/index.php?rest_route=%2Fwp%2Fv2%2Fcomments&post=62"}],"version-history":[{"count":3,"href":"https:\/\/abbayedenesle.fr\/index.php?rest_route=\/wp\/v2\/pages\/62\/revisions"}],"predecessor-version":[{"id":69,"href":"https:\/\/abbayedenesle.fr\/index.php?rest_route=\/wp\/v2\/pages\/62\/revisions\/69"}],"wp:attachment":[{"href":"https:\/\/abbayedenesle.fr\/index.php?rest_route=%2Fwp%2Fv2%2Fmedia&parent=62"}],"wp:term":[{"taxonomy":"folder","embeddable":true,"href":"https:\/\/abbayedenesle.fr\/index.php?rest_route=%2Fwp%2Fv2%2Ffolder&post=62"}],"curies":[{"name":"wp","href":"https:\/\/api.w.org\/{rel}","templated":true}]}}