{"id":51,"date":"2024-07-18T10:18:20","date_gmt":"2024-07-18T08:18:20","guid":{"rendered":"https:\/\/abbayedenesle.fr\/?page_id=51"},"modified":"2024-07-18T10:51:17","modified_gmt":"2024-07-18T08:51:17","slug":"presentation-de-lassociation","status":"publish","type":"page","link":"https:\/\/abbayedenesle.fr\/?page_id=51","title":{"rendered":"Pr\u00e9sentation de l&rsquo;association"},"content":{"rendered":"\n<p>L&rsquo;association \u00ab\u00a0Sauvegarde de l&rsquo;Abbaye de Nesle-la-Reposte\u00a0\u00bb est n\u00e9e en septembre 2023, de la rencontre des nouveaux propri\u00e9taires du site, M.Valli et Mme Thoral, avec quelques riverains de l&rsquo;abbaye, d\u00e9sesp\u00e9r\u00e9s de voir la \u00ab\u00a0Tour de Nesle\u00a0\u00bb menac\u00e9e de ruine depuis de longues ann\u00e9es. <\/p>\n\n\n\n<p>Ensembles, ils ont eu le courage d&rsquo;aborder le probl\u00e8me pos\u00e9 par ce joyaux laiss\u00e9 \u00e0 l&rsquo;abandon, et d&rsquo;y inviter les experts du Patrimoine, dont le diagnostic a \u00e9t\u00e9 sans appel : pour Mme Laurence Philippe, ing\u00e9nieur du Patrimoine, l&rsquo;\u00e9glise abbatiale est \u00ab\u00a0\u00e0 classer en p\u00e9ril\u00a0\u00bb avec une \u00ab\u00a0vitesse de d\u00e9gradation rapide\u00a0\u00bb et \u00ab\u00a0les risques de perte de mati\u00e8re, voir d&rsquo;effondrement sont r\u00e9els\u00a0\u00bb.<\/p>\n\n\n\n<p>Notre association s&rsquo;est donc cr\u00e9e pour f\u00e9d\u00e9rer toutes les bonnes volont\u00e9 et elle s&rsquo;est donn\u00e9e pour objet \u00ab\u00a0La restauration du patrimoine b\u00e2ti, la mise en valeur du site et la promotion de l&rsquo;Abbaye royale de Nesle-la-Reposte\u00a0\u00bb. Avec comme objectif premier la consolidation, avant restauration en profondeur, de la tour de l&rsquo;\u00e9glise qui, selon la formule d&rsquo;un professionnel du b\u00e2timent, \u00ab\u00a0ne tient plus debout que par habitude\u00a0\u00bb<\/p>\n\n\n<div class=\"wp-block-image\">\n<figure class=\"alignleft size-large is-resized\"><a href=\"https:\/\/abbayedenesle.fr\/wp-content\/uploads\/2024\/07\/MG_8819-scaled.jpg\"><img loading=\"lazy\" decoding=\"async\" width=\"1024\" height=\"683\" src=\"https:\/\/abbayedenesle.fr\/wp-content\/uploads\/2024\/07\/MG_8819-1024x683.jpg\" alt=\"\" class=\"wp-image-53\" style=\"width:958px;height:auto\" srcset=\"https:\/\/abbayedenesle.fr\/wp-content\/uploads\/2024\/07\/MG_8819-1024x683.jpg 1024w, https:\/\/abbayedenesle.fr\/wp-content\/uploads\/2024\/07\/MG_8819-300x200.jpg 300w, https:\/\/abbayedenesle.fr\/wp-content\/uploads\/2024\/07\/MG_8819-768x512.jpg 768w, https:\/\/abbayedenesle.fr\/wp-content\/uploads\/2024\/07\/MG_8819-1536x1024.jpg 1536w, https:\/\/abbayedenesle.fr\/wp-content\/uploads\/2024\/07\/MG_8819-2048x1365.jpg 2048w, https:\/\/abbayedenesle.fr\/wp-content\/uploads\/2024\/07\/MG_8819-930x620.jpg 930w\" sizes=\"(max-width: 1024px) 100vw, 1024px\" \/><\/a><\/figure><\/div>","protected":false},"excerpt":{"rendered":"<p>L&rsquo;association \u00ab\u00a0Sauvegarde de l&rsquo;Abbaye de Nesle-la-Reposte\u00a0\u00bb est n\u00e9e en septembre 2023, de la rencontre des nouveaux propri\u00e9taires du site, M.Valli et Mme Thoral, avec quelques riverains de l&rsquo;abbaye, d\u00e9sesp\u00e9r\u00e9s de voir la \u00ab\u00a0Tour de Nesle\u00a0\u00bb menac\u00e9e de ruine depuis de longues ann\u00e9es. Ensembles, ils ont eu le courage d&rsquo;aborder le probl\u00e8me pos\u00e9 par ce joyaux&hellip;&nbsp;<a href=\"https:\/\/abbayedenesle.fr\/?page_id=51\" rel=\"bookmark\">Lire la suite &raquo;<span class=\"screen-reader-text\">Pr\u00e9sentation de l&rsquo;association<\/span><\/a><\/p>\n","protected":false},"author":1,"featured_media":0,"parent":0,"menu_order":0,"comment_status":"closed","ping_status":"closed","template":"","meta":{"_monsterinsights_skip_tracking":false,"_monsterinsights_sitenote_active":false,"_monsterinsights_sitenote_note":"","_monsterinsights_sitenote_category":0,"neve_meta_sidebar":"","neve_meta_container":"","neve_meta_enable_content_width":"","neve_meta_content_width":0,"neve_meta_title_alignment":"","neve_meta_author_avatar":"","neve_post_elements_order":"","neve_meta_disable_header":"","neve_meta_disable_footer":"","neve_meta_disable_title":"","footnotes":""},"folder":[],"_links":{"self":[{"href":"https:\/\/abbayedenesle.fr\/index.php?rest_route=\/wp\/v2\/pages\/51"}],"collection":[{"href":"https:\/\/abbayedenesle.fr\/index.php?rest_route=\/wp\/v2\/pages"}],"about":[{"href":"https:\/\/abbayedenesle.fr\/index.php?rest_route=\/wp\/v2\/types\/page"}],"author":[{"embeddable":true,"href":"https:\/\/abbayedenesle.fr\/index.php?rest_route=\/wp\/v2\/users\/1"}],"replies":[{"embeddable":true,"href":"https:\/\/abbayedenesle.fr\/index.php?rest_route=%2Fwp%2Fv2%2Fcomments&post=51"}],"version-history":[{"count":8,"href":"https:\/\/abbayedenesle.fr\/index.php?rest_route=\/wp\/v2\/pages\/51\/revisions"}],"predecessor-version":[{"id":70,"href":"https:\/\/abbayedenesle.fr\/index.php?rest_route=\/wp\/v2\/pages\/51\/revisions\/70"}],"wp:attachment":[{"href":"https:\/\/abbayedenesle.fr\/index.php?rest_route=%2Fwp%2Fv2%2Fmedia&parent=51"}],"wp:term":[{"taxonomy":"folder","embeddable":true,"href":"https:\/\/abbayedenesle.fr\/index.php?rest_route=%2Fwp%2Fv2%2Ffolder&post=51"}],"curies":[{"name":"wp","href":"https:\/\/api.w.org\/{rel}","templated":true}]}}