{"id":180,"date":"2024-07-25T11:59:14","date_gmt":"2024-07-25T09:59:14","guid":{"rendered":"https:\/\/abbayedenesle.fr\/?page_id=180"},"modified":"2025-01-23T12:03:37","modified_gmt":"2025-01-23T11:03:37","slug":"adhesion-et-don","status":"publish","type":"page","link":"https:\/\/abbayedenesle.fr\/?page_id=180","title":{"rendered":"Adh\u00e9sion et don"},"content":{"rendered":"\n<p>Pour nous aider dans ce projet de pr\u00e9servation vous pouvez adh\u00e9rer \u00e0 notre association et\/ou nous faire un don.<\/p>\n\n\n\n<p>Adh\u00e9sion :<\/p>\n\n\n\n<ul>\n<li><a href=\"https:\/\/www.helloasso.com\/associations\/sauvegarde-de-l-abbaye-de-nesle-la-reposte\/adhesions\/adhesions-2025\" target=\"_blank\" rel=\"noreferrer noopener\"><strong>Adh\u00e9rer par CB sur HelloAsso<\/strong><\/a><\/li>\n<\/ul>\n\n\n\n<ul>\n<li><a href=\"https:\/\/abbayedenesle.fr\/wp-content\/uploads\/2025\/01\/Adhesion-A5-simple.pdf\" target=\"_blank\" rel=\"noreferrer noopener\"><strong>Adh\u00e9rer par ch\u00e8que ou virement (formulaire \u00e0 nous retourner par courrier)<\/strong><\/a><\/li>\n<\/ul>\n\n\n\n<p>Don :<\/p>\n\n\n\n<ul>\n<li><a href=\"https:\/\/www.helloasso.com\/associations\/sauvegarde-de-l-abbaye-de-nesle-la-reposte\/formulaires\/1\" target=\"_blank\" rel=\"noreferrer noopener\"><strong>Nous faire un don par CB sur HelloAsso<\/strong><\/a><\/li>\n<\/ul>\n\n\n\n<ul>\n<li><strong><a href=\"https:\/\/abbayedenesle.fr\/wp-content\/uploads\/2025\/01\/Don-A5-25-ok.pdf\" target=\"_blank\" rel=\"noreferrer noopener\">Nous faire un don par ch\u00e8que ou par virement (formulaire \u00e0 nous retourner par courrier)<\/a><\/strong><\/li>\n<\/ul>\n","protected":false},"excerpt":{"rendered":"<p>Pour nous aider dans ce projet de pr\u00e9servation vous pouvez adh\u00e9rer \u00e0 notre association et\/ou nous faire un don. Adh\u00e9sion : Don :<\/p>\n","protected":false},"author":1,"featured_media":0,"parent":0,"menu_order":0,"comment_status":"closed","ping_status":"closed","template":"","meta":{"_monsterinsights_skip_tracking":false,"_monsterinsights_sitenote_active":false,"_monsterinsights_sitenote_note":"","_monsterinsights_sitenote_category":0,"neve_meta_sidebar":"","neve_meta_container":"","neve_meta_enable_content_width":"","neve_meta_content_width":0,"neve_meta_title_alignment":"","neve_meta_author_avatar":"","neve_post_elements_order":"","neve_meta_disable_header":"","neve_meta_disable_footer":"","neve_meta_disable_title":"","footnotes":""},"folder":[],"_links":{"self":[{"href":"https:\/\/abbayedenesle.fr\/index.php?rest_route=\/wp\/v2\/pages\/180"}],"collection":[{"href":"https:\/\/abbayedenesle.fr\/index.php?rest_route=\/wp\/v2\/pages"}],"about":[{"href":"https:\/\/abbayedenesle.fr\/index.php?rest_route=\/wp\/v2\/types\/page"}],"author":[{"embeddable":true,"href":"https:\/\/abbayedenesle.fr\/index.php?rest_route=\/wp\/v2\/users\/1"}],"replies":[{"embeddable":true,"href":"https:\/\/abbayedenesle.fr\/index.php?rest_route=%2Fwp%2Fv2%2Fcomments&post=180"}],"version-history":[{"count":10,"href":"https:\/\/abbayedenesle.fr\/index.php?rest_route=\/wp\/v2\/pages\/180\/revisions"}],"predecessor-version":[{"id":253,"href":"https:\/\/abbayedenesle.fr\/index.php?rest_route=\/wp\/v2\/pages\/180\/revisions\/253"}],"wp:attachment":[{"href":"https:\/\/abbayedenesle.fr\/index.php?rest_route=%2Fwp%2Fv2%2Fmedia&parent=180"}],"wp:term":[{"taxonomy":"folder","embeddable":true,"href":"https:\/\/abbayedenesle.fr\/index.php?rest_route=%2Fwp%2Fv2%2Ffolder&post=180"}],"curies":[{"name":"wp","href":"https:\/\/api.w.org\/{rel}","templated":true}]}}